{"id":338,"date":"2022-03-17T14:20:13","date_gmt":"2022-03-17T14:20:13","guid":{"rendered":"https:\/\/dpd.usac.edu.gt\/?page_id=338"},"modified":"2025-09-05T21:34:53","modified_gmt":"2025-09-05T21:34:53","slug":"solicitud-de-correo-usac","status":"publish","type":"page","link":"https:\/\/dpd.usac.edu.gt\/solicitud-de-correo-usac\/","title":{"rendered":"Solicitud de Correo Electr\u00f3nico"},"content":{"rendered":"\n<h3 class=\"wp-block-heading\"><strong>Buz\u00f3n de correo electr\u00f3nico institucional<\/strong><\/h3>\n\n\n\n<hr class=\"wp-block-separator has-alpha-channel-opacity\"\/>\n\n\n\n<div class=\"wp-block-columns is-layout-flex wp-container-core-columns-is-layout-9d6595d7 wp-block-columns-is-layout-flex\">\n<div class=\"wp-block-column is-layout-flow wp-block-column-is-layout-flow\">\n<p><strong>Datos adjuntos a la solicitud digital:<\/strong><\/p>\n\n\n\n<ol class=\"wp-block-list\">\n<li>Nombre completo.<\/li>\n\n\n\n<li>Registro de personal.<\/li>\n\n\n\n<li>CUI (C\u00f3digo \u00danico de Identificaci\u00f3n).<\/li>\n\n\n\n<li>Puesto.<\/li>\n\n\n\n<li>Direcci\u00f3n de correo alternativo.<\/li>\n\n\n\n<li>N\u00famero telef\u00f3nico de contacto.<\/li>\n<\/ol>\n\n\n\n<p>La solicitud digital debe ser dirigida a <a href=\"mailto:dpdcorres@usac.edu.gt\">dpdcorres@usac.edu.gt<\/a> a la Jefatura del Departamento de Procesamiento de Datos \/ DGF, firmada o con Vo.Bo. de:<\/p>\n\n\n\n<ul class=\"wp-block-list\">\n<li>Facultades: Secretario Acad\u00e9mico o Secretario Adjunto o Decano.<\/li>\n\n\n\n<li>Escuelas no Facultativas: Secretario o Director.<\/li>\n\n\n\n<li>Centros Universitarios: Secretario o Director.<\/li>\n\n\n\n<li>Dependencias Administraci\u00f3n Central: Jefe o Director.<\/li>\n<\/ul>\n<\/div>\n\n\n\n<div class=\"wp-block-column is-layout-flow wp-block-column-is-layout-flow\"><\/div>\n<\/div>\n\n\n\n<hr class=\"wp-block-separator has-alpha-channel-opacity\"\/>\n\n\n\n<h2 class=\"wp-block-heading has-white-color has-vivid-cyan-blue-background-color has-text-color has-background\">Caracter\u00edsticas de dominio <strong>@usac.edu.gt<\/strong><\/h2>\n\n\n\n<div class=\"wp-block-columns is-layout-flex wp-container-core-columns-is-layout-9d6595d7 wp-block-columns-is-layout-flex\">\n<div class=\"wp-block-column is-layout-flow wp-block-column-is-layout-flow\">\n<ul class=\"wp-block-list\">\n<li>Acceso web del correo.<\/li>\n\n\n\n<li>Almacenamiento din\u00e1mico a partir de 2GB.&nbsp;<\/li>\n\n\n\n<li>Capacidad de descargar el correo v\u00eda aplicaci\u00f3n de escritorio.<\/li>\n\n\n\n<li>Configuraci\u00f3n en smartphone.<\/li>\n\n\n\n<li>Protecci\u00f3n contra spam, ransomware y otras amenazas.<\/li>\n\n\n\n<li>Chat integrado.<\/li>\n<\/ul>\n<\/div>\n\n\n\n<div class=\"wp-block-column is-layout-flow wp-block-column-is-layout-flow\">\n<figure class=\"wp-block-image size-full\"><img loading=\"lazy\" decoding=\"async\" width=\"800\" height=\"534\" src=\"https:\/\/dpd.usac.edu.gt\/wp-content\/uploads\/2022\/03\/imagencorreo.jpg\" alt=\"\" class=\"wp-image-345\" srcset=\"https:\/\/dpd.usac.edu.gt\/wp-content\/uploads\/2022\/03\/imagencorreo.jpg 800w, https:\/\/dpd.usac.edu.gt\/wp-content\/uploads\/2022\/03\/imagencorreo-300x200.jpg 300w, https:\/\/dpd.usac.edu.gt\/wp-content\/uploads\/2022\/03\/imagencorreo-768x513.jpg 768w\" sizes=\"auto, (max-width: 800px) 100vw, 800px\" \/><\/figure>\n<\/div>\n<\/div>\n\n\n\n<p><\/p>\n\n\n\n<h2 class=\"wp-block-heading has-white-color has-text-color has-background\" style=\"background-color:#00053d\">Caracter\u00edsticas de dominio <strong>@correoe.usac.edu.gt<\/strong><\/h2>\n\n\n\n<div class=\"wp-block-columns is-layout-flex wp-container-core-columns-is-layout-9d6595d7 wp-block-columns-is-layout-flex\">\n<div class=\"wp-block-column is-layout-flow wp-block-column-is-layout-flow\">\n<ul class=\"wp-block-list\">\n<li>Acceso web del correo.<\/li>\n\n\n\n<li>Capacidad de descargar el correo v\u00eda aplicaci\u00f3n de escritorio.<\/li>\n\n\n\n<li>Configuraci\u00f3n en smartphone.<\/li>\n\n\n\n<li>Protecci\u00f3n contra spam, ransomware y otras amenazas.<\/li>\n\n\n\n<li>Acceso a las aplicaciones de Office365 web.<\/li>\n\n\n\n<li>Almacenamiento compartido de hasta 1TB.<\/li>\n\n\n\n<li>TEAMS para videoconferencias.<\/li>\n<\/ul>\n<\/div>\n\n\n\n<div class=\"wp-block-column is-layout-flow wp-block-column-is-layout-flow\">\n<figure class=\"wp-block-image size-full\"><img loading=\"lazy\" decoding=\"async\" width=\"800\" height=\"534\" src=\"https:\/\/dpd.usac.edu.gt\/wp-content\/uploads\/2023\/03\/correoe.jpg\" alt=\"\" class=\"wp-image-384\" srcset=\"https:\/\/dpd.usac.edu.gt\/wp-content\/uploads\/2023\/03\/correoe.jpg 800w, https:\/\/dpd.usac.edu.gt\/wp-content\/uploads\/2023\/03\/correoe-300x200.jpg 300w, https:\/\/dpd.usac.edu.gt\/wp-content\/uploads\/2023\/03\/correoe-768x513.jpg 768w\" sizes=\"auto, (max-width: 800px) 100vw, 800px\" \/><\/figure>\n<\/div>\n<\/div>\n\n\n\n<p><\/p>\n\n\n\n<p><strong>Nota<\/strong><br>Las condiciones de este servicio var\u00edan seg\u00fan las pol\u00edticas del proveedor, en este caso Microsoft Corporation.<\/p>\n","protected":false},"excerpt":{"rendered":"<p>Buz\u00f3n de correo electr\u00f3nico institucional Datos adjuntos a la solicitud digital: La solicitud digital debe ser dirigida a dpdcorres@usac.edu.gt a la Jefatura del Departamento de Procesamiento de Datos \/ DGF, firmada o con Vo.Bo. de: Caracter\u00edsticas de dominio @usac.edu.gt Caracter\u00edsticas de dominio @correoe.usac.edu.gt NotaLas condiciones de este servicio var\u00edan seg\u00fan las pol\u00edticas del proveedor, en [&hellip;]<\/p>\n","protected":false},"author":2,"featured_media":355,"parent":0,"menu_order":0,"comment_status":"closed","ping_status":"closed","template":"","meta":{"iawp_total_views":1749,"footnotes":""},"class_list":["post-338","page","type-page","status-publish","has-post-thumbnail","czr-hentry"],"_links":{"self":[{"href":"https:\/\/dpd.usac.edu.gt\/wp-json\/wp\/v2\/pages\/338","targetHints":{"allow":["GET"]}}],"collection":[{"href":"https:\/\/dpd.usac.edu.gt\/wp-json\/wp\/v2\/pages"}],"about":[{"href":"https:\/\/dpd.usac.edu.gt\/wp-json\/wp\/v2\/types\/page"}],"author":[{"embeddable":true,"href":"https:\/\/dpd.usac.edu.gt\/wp-json\/wp\/v2\/users\/2"}],"replies":[{"embeddable":true,"href":"https:\/\/dpd.usac.edu.gt\/wp-json\/wp\/v2\/comments?post=338"}],"version-history":[{"count":16,"href":"https:\/\/dpd.usac.edu.gt\/wp-json\/wp\/v2\/pages\/338\/revisions"}],"predecessor-version":[{"id":571,"href":"https:\/\/dpd.usac.edu.gt\/wp-json\/wp\/v2\/pages\/338\/revisions\/571"}],"wp:featuredmedia":[{"embeddable":true,"href":"https:\/\/dpd.usac.edu.gt\/wp-json\/wp\/v2\/media\/355"}],"wp:attachment":[{"href":"https:\/\/dpd.usac.edu.gt\/wp-json\/wp\/v2\/media?parent=338"}],"curies":[{"name":"wp","href":"https:\/\/api.w.org\/{rel}","templated":true}]}}